{"id":9,"date":"2024-04-22T01:52:21","date_gmt":"2024-04-22T04:52:21","guid":{"rendered":"http:\/\/advogadoseguro.adv.br\/?page_id=9"},"modified":"2024-04-22T01:52:21","modified_gmt":"2024-04-22T04:52:21","slug":"pagina-inicial","status":"publish","type":"page","link":"https:\/\/advogadoseguro.adv.br\/","title":{"rendered":"P\u00e1gina inicial"},"content":{"rendered":"\n<p>Boas-vindas ao seu site! Esta \u00e9 sua p\u00e1gina inicial, que \u00e9 a p\u00e1gina que a maioria dos visitantes vai ver ao acessar o seu site pela primeira vez.<\/p>\n","protected":false},"excerpt":{"rendered":"<p>Boas-vindas ao seu site! Esta \u00e9 sua p\u00e1gina inicial, que \u00e9 a p\u00e1gina que a maioria dos visitantes vai ver ao acessar o seu site pela primeira vez.<\/p>\n","protected":false},"author":1,"featured_media":0,"parent":0,"menu_order":0,"comment_status":"closed","ping_status":"closed","template":"","meta":{"footnotes":""},"class_list":["post-9","page","type-page","status-publish","hentry"],"amp_enabled":true,"_links":{"self":[{"href":"https:\/\/advogadoseguro.adv.br\/index.php?rest_route=\/wp\/v2\/pages\/9","targetHints":{"allow":["GET"]}}],"collection":[{"href":"https:\/\/advogadoseguro.adv.br\/index.php?rest_route=\/wp\/v2\/pages"}],"about":[{"href":"https:\/\/advogadoseguro.adv.br\/index.php?rest_route=\/wp\/v2\/types\/page"}],"author":[{"embeddable":true,"href":"https:\/\/advogadoseguro.adv.br\/index.php?rest_route=\/wp\/v2\/users\/1"}],"replies":[{"embeddable":true,"href":"https:\/\/advogadoseguro.adv.br\/index.php?rest_route=%2Fwp%2Fv2%2Fcomments&post=9"}],"version-history":[{"count":1,"href":"https:\/\/advogadoseguro.adv.br\/index.php?rest_route=\/wp\/v2\/pages\/9\/revisions"}],"predecessor-version":[{"id":15,"href":"https:\/\/advogadoseguro.adv.br\/index.php?rest_route=\/wp\/v2\/pages\/9\/revisions\/15"}],"wp:attachment":[{"href":"https:\/\/advogadoseguro.adv.br\/index.php?rest_route=%2Fwp%2Fv2%2Fmedia&parent=9"}],"curies":[{"name":"wp","href":"https:\/\/api.w.org\/{rel}","templated":true}]}}